{"id":829,"date":"2022-12-20T16:38:00","date_gmt":"2022-12-20T15:38:00","guid":{"rendered":"https:\/\/boscomonte.si\/?post_type=product&#038;p=829"},"modified":"2024-06-19T12:38:10","modified_gmt":"2024-06-19T11:38:10","slug":"bosco-monte-oljcno-olje-v-darilni-embalazi-025l","status":"publish","type":"product","link":"https:\/\/boscomonte.si\/en\/product\/bosco-monte-oljcno-olje-v-darilni-embalazi-025l\/","title":{"rendered":"Bosco Monte Olj\u010dno Olje v darilni embala\u017ei (0,25L)"},"content":{"rendered":"<p>Visoko kakovostno olj\u010dno olje Bosco Monte. Ro\u010dno obrano in hladno stiskano v roku 4 ur po obiranju. Pakirano v darilni embala\u017ei.<\/p>","protected":false},"excerpt":{"rendered":"<p>Visoko kakovostno olj\u010dno olje Bosco Monte. Ro\u010dno obrano in hladno stiskano v roku 4 ur po obiranju. Pakirano v darilni embala\u017ei.<\/p>","protected":false},"featured_media":830,"comment_status":"open","ping_status":"closed","template":"","meta":{"ocean_post_layout":"","ocean_both_sidebars_style":"","ocean_both_sidebars_content_width":0,"ocean_both_sidebars_sidebars_width":0,"ocean_sidebar":"0","ocean_second_sidebar":"0","ocean_disable_margins":"enable","ocean_add_body_class":"","ocean_shortcode_before_top_bar":"","ocean_shortcode_after_top_bar":"","ocean_shortcode_before_header":"","ocean_shortcode_after_header":"","ocean_has_shortcode":"","ocean_shortcode_after_title":"","ocean_shortcode_before_footer_widgets":"","ocean_shortcode_after_footer_widgets":"","ocean_shortcode_before_footer_bottom":"","ocean_shortcode_after_footer_bottom":"","ocean_display_top_bar":"default","ocean_display_header":"default","ocean_header_style":"","ocean_center_header_left_menu":"0","ocean_custom_header_template":"0","ocean_custom_logo":0,"ocean_custom_retina_logo":0,"ocean_custom_logo_max_width":0,"ocean_custom_logo_tablet_max_width":0,"ocean_custom_logo_mobile_max_width":0,"ocean_custom_logo_max_height":0,"ocean_custom_logo_tablet_max_height":0,"ocean_custom_logo_mobile_max_height":0,"ocean_header_custom_menu":"0","ocean_menu_typo_font_family":"0","ocean_menu_typo_font_subset":"","ocean_menu_typo_font_size":0,"ocean_menu_typo_font_size_tablet":0,"ocean_menu_typo_font_size_mobile":0,"ocean_menu_typo_font_size_unit":"px","ocean_menu_typo_font_weight":"","ocean_menu_typo_font_weight_tablet":"","ocean_menu_typo_font_weight_mobile":"","ocean_menu_typo_transform":"","ocean_menu_typo_transform_tablet":"","ocean_menu_typo_transform_mobile":"","ocean_menu_typo_line_height":0,"ocean_menu_typo_line_height_tablet":0,"ocean_menu_typo_line_height_mobile":0,"ocean_menu_typo_line_height_unit":"","ocean_menu_typo_spacing":0,"ocean_menu_typo_spacing_tablet":0,"ocean_menu_typo_spacing_mobile":0,"ocean_menu_typo_spacing_unit":"","ocean_menu_link_color":"","ocean_menu_link_color_hover":"","ocean_menu_link_color_active":"","ocean_menu_link_background":"","ocean_menu_link_hover_background":"","ocean_menu_link_active_background":"","ocean_menu_social_links_bg":"","ocean_menu_social_hover_links_bg":"","ocean_menu_social_links_color":"","ocean_menu_social_hover_links_color":"","ocean_disable_title":"default","ocean_disable_heading":"default","ocean_post_title":"","ocean_post_subheading":"","ocean_post_title_style":"","ocean_post_title_background_color":"","ocean_post_title_background":0,"ocean_post_title_bg_image_position":"","ocean_post_title_bg_image_attachment":"","ocean_post_title_bg_image_repeat":"","ocean_post_title_bg_image_size":"","ocean_post_title_height":0,"ocean_post_title_bg_overlay":0.5,"ocean_post_title_bg_overlay_color":"","ocean_disable_breadcrumbs":"default","ocean_breadcrumbs_color":"","ocean_breadcrumbs_separator_color":"","ocean_breadcrumbs_links_color":"","ocean_breadcrumbs_links_hover_color":"","ocean_display_footer_widgets":"default","ocean_display_footer_bottom":"default","ocean_custom_footer_template":"0"},"product_cat":[21],"product_tag":[],"yoast_head":"<!-- This site is optimized with the Yoast SEO plugin v21.4 - https:\/\/yoast.com\/wordpress\/plugins\/seo\/ -->\n<title>Bosco Monte Olj\u010dno Olje v darilni embala\u017ei (0,25L) - Bosco Monte<\/title>\n<meta name=\"robots\" content=\"index, follow, max-snippet:-1, max-image-preview:large, max-video-preview:-1\" \/>\n<link rel=\"canonical\" href=\"https:\/\/boscomonte.si\/en\/product\/bosco-monte-oljcno-olje-v-darilni-embalazi-025l\/\" \/>\n<meta property=\"og:locale\" content=\"en_US\" \/>\n<meta property=\"og:type\" content=\"article\" \/>\n<meta property=\"og:title\" content=\"Bosco Monte Olj\u010dno Olje v darilni embala\u017ei (0,25L) - Bosco Monte\" \/>\n<meta property=\"og:description\" content=\"Visoko kakovostno olj\u010dno olje Bosco Monte. Ro\u010dno obrano in hladno stiskano v roku 4 ur po obiranju. Pakirano v darilni embala\u017ei.\" \/>\n<meta property=\"og:url\" content=\"https:\/\/boscomonte.si\/en\/product\/bosco-monte-oljcno-olje-v-darilni-embalazi-025l\/\" \/>\n<meta property=\"og:site_name\" content=\"Bosco Monte\" \/>\n<meta property=\"article:publisher\" content=\"https:\/\/www.facebook.com\/boscomonte.eu\" \/>\n<meta property=\"article:modified_time\" content=\"2024-06-19T11:38:10+00:00\" \/>\n<meta property=\"og:image\" content=\"https:\/\/boscomonte.si\/wp-content\/uploads\/2022\/12\/IMG_4577.jpeg\" \/>\n\t<meta property=\"og:image:width\" content=\"1440\" \/>\n\t<meta property=\"og:image:height\" content=\"1920\" \/>\n\t<meta property=\"og:image:type\" content=\"image\/jpeg\" \/>\n<meta name=\"twitter:card\" content=\"summary_large_image\" \/>\n<meta name=\"twitter:label1\" content=\"Est. reading time\" \/>\n\t<meta name=\"twitter:data1\" content=\"1 minute\" \/>\n<script type=\"application\/ld+json\" class=\"yoast-schema-graph\">{\"@context\":\"https:\/\/schema.org\",\"@graph\":[{\"@type\":\"WebPage\",\"@id\":\"https:\/\/boscomonte.si\/product\/bosco-monte-oljcno-olje-v-darilni-embalazi-025l\/\",\"url\":\"https:\/\/boscomonte.si\/product\/bosco-monte-oljcno-olje-v-darilni-embalazi-025l\/\",\"name\":\"Bosco Monte Olj\u010dno Olje v darilni embala\u017ei (0,25L) - Bosco Monte\",\"isPartOf\":{\"@id\":\"https:\/\/boscomonte.si\/#website\"},\"datePublished\":\"2022-12-20T15:38:00+00:00\",\"dateModified\":\"2024-06-19T11:38:10+00:00\",\"breadcrumb\":{\"@id\":\"https:\/\/boscomonte.si\/product\/bosco-monte-oljcno-olje-v-darilni-embalazi-025l\/#breadcrumb\"},\"inLanguage\":\"en-US\",\"potentialAction\":[{\"@type\":\"ReadAction\",\"target\":[\"https:\/\/boscomonte.si\/product\/bosco-monte-oljcno-olje-v-darilni-embalazi-025l\/\"]}]},{\"@type\":\"BreadcrumbList\",\"@id\":\"https:\/\/boscomonte.si\/product\/bosco-monte-oljcno-olje-v-darilni-embalazi-025l\/#breadcrumb\",\"itemListElement\":[{\"@type\":\"ListItem\",\"position\":1,\"name\":\"Home\",\"item\":\"https:\/\/boscomonte.si\/\"},{\"@type\":\"ListItem\",\"position\":2,\"name\":\"Trgovina\",\"item\":\"https:\/\/boscomonte.si\/trgovina\/\"},{\"@type\":\"ListItem\",\"position\":3,\"name\":\"Bosco Monte Olj\u010dno Olje v darilni embala\u017ei (0,25L)\"}]},{\"@type\":\"WebSite\",\"@id\":\"https:\/\/boscomonte.si\/#website\",\"url\":\"https:\/\/boscomonte.si\/\",\"name\":\"Bosco Monte\",\"description\":\"Extra virgin olive oil\",\"publisher\":{\"@id\":\"https:\/\/boscomonte.si\/#organization\"},\"potentialAction\":[{\"@type\":\"SearchAction\",\"target\":{\"@type\":\"EntryPoint\",\"urlTemplate\":\"https:\/\/boscomonte.si\/?s={search_term_string}\"},\"query-input\":\"required name=search_term_string\"}],\"inLanguage\":\"en-US\"},{\"@type\":\"Organization\",\"@id\":\"https:\/\/boscomonte.si\/#organization\",\"name\":\"Bosco Monte\",\"url\":\"https:\/\/boscomonte.si\/\",\"logo\":{\"@type\":\"ImageObject\",\"inLanguage\":\"en-US\",\"@id\":\"https:\/\/boscomonte.si\/#\/schema\/logo\/image\/\",\"url\":\"https:\/\/boscomonte.si\/wp-content\/uploads\/2021\/02\/LOGOcircled.png\",\"contentUrl\":\"https:\/\/boscomonte.si\/wp-content\/uploads\/2021\/02\/LOGOcircled.png\",\"width\":3933,\"height\":3933,\"caption\":\"Bosco Monte\"},\"image\":{\"@id\":\"https:\/\/boscomonte.si\/#\/schema\/logo\/image\/\"},\"sameAs\":[\"https:\/\/www.facebook.com\/boscomonte.eu\"]}]}<\/script>\n<!-- \/ Yoast SEO plugin. -->","yoast_head_json":{"title":"Bosco Monte Olj\u010dno Olje v darilni embala\u017ei (0,25L) - Bosco Monte","robots":{"index":"index","follow":"follow","max-snippet":"max-snippet:-1","max-image-preview":"max-image-preview:large","max-video-preview":"max-video-preview:-1"},"canonical":"https:\/\/boscomonte.si\/en\/product\/bosco-monte-oljcno-olje-v-darilni-embalazi-025l\/","og_locale":"en_US","og_type":"article","og_title":"Bosco Monte Olj\u010dno Olje v darilni embala\u017ei (0,25L) - Bosco Monte","og_description":"Visoko kakovostno olj\u010dno olje Bosco Monte. Ro\u010dno obrano in hladno stiskano v roku 4 ur po obiranju. Pakirano v darilni embala\u017ei.","og_url":"https:\/\/boscomonte.si\/en\/product\/bosco-monte-oljcno-olje-v-darilni-embalazi-025l\/","og_site_name":"Bosco Monte","article_publisher":"https:\/\/www.facebook.com\/boscomonte.eu","article_modified_time":"2024-06-19T11:38:10+00:00","og_image":[{"width":1440,"height":1920,"url":"https:\/\/boscomonte.si\/wp-content\/uploads\/2022\/12\/IMG_4577.jpeg","type":"image\/jpeg"}],"twitter_card":"summary_large_image","twitter_misc":{"Est. reading time":"1 minute"},"schema":{"@context":"https:\/\/schema.org","@graph":[{"@type":"WebPage","@id":"https:\/\/boscomonte.si\/product\/bosco-monte-oljcno-olje-v-darilni-embalazi-025l\/","url":"https:\/\/boscomonte.si\/product\/bosco-monte-oljcno-olje-v-darilni-embalazi-025l\/","name":"Bosco Monte Olj\u010dno Olje v darilni embala\u017ei (0,25L) - Bosco Monte","isPartOf":{"@id":"https:\/\/boscomonte.si\/#website"},"datePublished":"2022-12-20T15:38:00+00:00","dateModified":"2024-06-19T11:38:10+00:00","breadcrumb":{"@id":"https:\/\/boscomonte.si\/product\/bosco-monte-oljcno-olje-v-darilni-embalazi-025l\/#breadcrumb"},"inLanguage":"en-US","potentialAction":[{"@type":"ReadAction","target":["https:\/\/boscomonte.si\/product\/bosco-monte-oljcno-olje-v-darilni-embalazi-025l\/"]}]},{"@type":"BreadcrumbList","@id":"https:\/\/boscomonte.si\/product\/bosco-monte-oljcno-olje-v-darilni-embalazi-025l\/#breadcrumb","itemListElement":[{"@type":"ListItem","position":1,"name":"Home","item":"https:\/\/boscomonte.si\/"},{"@type":"ListItem","position":2,"name":"Trgovina","item":"https:\/\/boscomonte.si\/trgovina\/"},{"@type":"ListItem","position":3,"name":"Bosco Monte Olj\u010dno Olje v darilni embala\u017ei (0,25L)"}]},{"@type":"WebSite","@id":"https:\/\/boscomonte.si\/#website","url":"https:\/\/boscomonte.si\/","name":"Bosco Monte","description":"Extra virgin olive oil","publisher":{"@id":"https:\/\/boscomonte.si\/#organization"},"potentialAction":[{"@type":"SearchAction","target":{"@type":"EntryPoint","urlTemplate":"https:\/\/boscomonte.si\/?s={search_term_string}"},"query-input":"required name=search_term_string"}],"inLanguage":"en-US"},{"@type":"Organization","@id":"https:\/\/boscomonte.si\/#organization","name":"Bosco Monte","url":"https:\/\/boscomonte.si\/","logo":{"@type":"ImageObject","inLanguage":"en-US","@id":"https:\/\/boscomonte.si\/#\/schema\/logo\/image\/","url":"https:\/\/boscomonte.si\/wp-content\/uploads\/2021\/02\/LOGOcircled.png","contentUrl":"https:\/\/boscomonte.si\/wp-content\/uploads\/2021\/02\/LOGOcircled.png","width":3933,"height":3933,"caption":"Bosco Monte"},"image":{"@id":"https:\/\/boscomonte.si\/#\/schema\/logo\/image\/"},"sameAs":["https:\/\/www.facebook.com\/boscomonte.eu"]}]}},"_links":{"self":[{"href":"https:\/\/boscomonte.si\/en\/wp-json\/wp\/v2\/product\/829"}],"collection":[{"href":"https:\/\/boscomonte.si\/en\/wp-json\/wp\/v2\/product"}],"about":[{"href":"https:\/\/boscomonte.si\/en\/wp-json\/wp\/v2\/types\/product"}],"replies":[{"embeddable":true,"href":"https:\/\/boscomonte.si\/en\/wp-json\/wp\/v2\/comments?post=829"}],"wp:featuredmedia":[{"embeddable":true,"href":"https:\/\/boscomonte.si\/en\/wp-json\/wp\/v2\/media\/830"}],"wp:attachment":[{"href":"https:\/\/boscomonte.si\/en\/wp-json\/wp\/v2\/media?parent=829"}],"wp:term":[{"taxonomy":"product_cat","embeddable":true,"href":"https:\/\/boscomonte.si\/en\/wp-json\/wp\/v2\/product_cat?post=829"},{"taxonomy":"product_tag","embeddable":true,"href":"https:\/\/boscomonte.si\/en\/wp-json\/wp\/v2\/product_tag?post=829"}],"curies":[{"name":"wp","href":"https:\/\/api.w.org\/{rel}","templated":true}]}}